
{"id":9,"date":"2025-10-27T11:08:50","date_gmt":"2025-10-27T10:08:50","guid":{"rendered":"https:\/\/serwer2587359.home.pl\/autoinstalator\/wordpress\/?page_id=9"},"modified":"2025-10-29T12:27:45","modified_gmt":"2025-10-29T11:27:45","slug":"strona-domowa","status":"publish","type":"page","link":"https:\/\/securelaw.pl\/","title":{"rendered":"Strona domowa"},"content":{"rendered":"\n<div class=\"wp-block-cover alignfull wp-duotone-unset-1\" style=\"min-height:720px;aspect-ratio:unset;\"><span aria-hidden=\"true\" class=\"wp-block-cover__background has-background-dim-100 has-background-dim has-background-gradient\" style=\"background:linear-gradient(115deg,rgb(7,26,47) 53%,rgb(15,43,74) 69%)\"><\/span><div class=\"wp-block-cover__inner-container is-layout-flow wp-block-cover-is-layout-flow\">\n<div class=\"inherit-container-width wp-block-group alignwide is-layout-constrained wp-block-group-is-layout-constrained\">\n<div class=\"wp-block-media-text alignwide has-media-on-the-right is-stacked-on-mobile is-vertically-aligned-center\" style=\"grid-template-columns:auto 42%\"><div class=\"wp-block-media-text__content\">\n<h1 class=\"wp-block-heading has-text-align-left has-white-color has-text-color\"><strong>Bezpiecze\u0144stwo IT<\/strong><br><strong>dla <mark style=\"background-color:rgba(0, 0, 0, 0);color:#2563eb\" class=\"has-inline-color\">kancelarii<\/mark><\/strong><\/h1>\n\n\n\n<p class=\"has-white-color has-text-color\"><br><strong>Tw\u00f3j biznes opiera si\u0119 na poufno\u015bci. My j\u0105 gwarantujemy.<br><\/strong><\/p>\n\n\n\n<div class=\"wp-block-buttons is-content-justification-left is-layout-flex wp-container-core-buttons-is-layout-c9240174 wp-block-buttons-is-layout-flex\" style=\"margin-top:0;margin-bottom:0;padding-top:0;padding-bottom:0\">\n<div class=\"wp-block-button\"><a class=\"wp-block-button__link has-background wp-element-button\" href=\"https:\/\/forms.gle\/CtkGb9t6zkuM7f6q9\" style=\"background-color:#2563eb\" target=\"_blank\" rel=\"noreferrer noopener\"><strong>Um\u00f3w darmowy audyt <\/strong><\/a><\/div>\n<\/div>\n<\/div><figure class=\"wp-block-media-text__media\"><img loading=\"lazy\" decoding=\"async\" width=\"1024\" height=\"1024\" src=\"http:\/\/serwer2587359.home.pl\/autoinstalator\/wordpress\/wp-content\/uploads\/2025\/10\/image-1.png\" alt=\"\" class=\"wp-image-50 size-full\" srcset=\"https:\/\/securelaw.pl\/wp-content\/uploads\/2025\/10\/image-1.png 1024w, https:\/\/securelaw.pl\/wp-content\/uploads\/2025\/10\/image-1-300x300.png 300w, https:\/\/securelaw.pl\/wp-content\/uploads\/2025\/10\/image-1-150x150.png 150w, https:\/\/securelaw.pl\/wp-content\/uploads\/2025\/10\/image-1-768x768.png 768w\" sizes=\"auto, (max-width: 1024px) 100vw, 1024px\" \/><\/figure><\/div>\n<\/div>\n<\/div><\/div>\n\n\n\n<div class=\"wp-block-group alignfull #uslugi has-ast-global-color-5-background-color has-background is-layout-constrained wp-container-core-group-is-layout-9cedb757 wp-block-group-is-layout-constrained\" style=\"padding-bottom:0px\">\n<div class=\"wp-block-columns are-vertically-aligned-top is-layout-flex wp-container-core-columns-is-layout-00723822 wp-block-columns-is-layout-flex\">\n<div class=\"wp-block-column is-vertically-aligned-top is-layout-flow wp-container-core-column-is-layout-6b73ce23 wp-block-column-is-layout-flow\">\n<figure class=\"wp-block-image size-full is-resized has-custom-border is-style-rounded\"><img loading=\"lazy\" decoding=\"async\" width=\"512\" height=\"512\" src=\"http:\/\/serwer2587359.home.pl\/autoinstalator\/wordpress\/wp-content\/uploads\/2025\/10\/Image-2.png\" alt=\"\" class=\"wp-image-87\" style=\"border-width:1px;width:59px;height:auto\" srcset=\"https:\/\/securelaw.pl\/wp-content\/uploads\/2025\/10\/Image-2.png 512w, https:\/\/securelaw.pl\/wp-content\/uploads\/2025\/10\/Image-2-300x300.png 300w, https:\/\/securelaw.pl\/wp-content\/uploads\/2025\/10\/Image-2-150x150.png 150w\" sizes=\"auto, (max-width: 512px) 100vw, 512px\" \/><\/figure>\n\n\n\n<h3 class=\"wp-block-heading has-text-align-left\" style=\"margin-top:16px\"><strong>Audyt    bezpiecze\u0144stwa IT<\/strong><\/h3>\n\n\n\n<p class=\"has-text-align-left\">Analiza ryzyk, kontrola zabezpiecze\u0144 i plan dzia\u0142a\u0144 naprawczych<\/p>\n<\/div>\n\n\n\n<div class=\"wp-block-column is-vertically-aligned-top is-layout-flow wp-container-core-column-is-layout-6b73ce23 wp-block-column-is-layout-flow\">\n<figure class=\"wp-block-image size-full is-resized has-custom-border is-style-rounded\"><img loading=\"lazy\" decoding=\"async\" width=\"512\" height=\"512\" src=\"http:\/\/serwer2587359.home.pl\/autoinstalator\/wordpress\/wp-content\/uploads\/2025\/10\/2d5ea35bf486faff6ff30011762ec3f8ab0fff59bc944c657efec361c09fe556.png\" alt=\"\" class=\"wp-image-86\" style=\"border-width:1px;width:58px;height:auto\" srcset=\"https:\/\/securelaw.pl\/wp-content\/uploads\/2025\/10\/2d5ea35bf486faff6ff30011762ec3f8ab0fff59bc944c657efec361c09fe556.png 512w, https:\/\/securelaw.pl\/wp-content\/uploads\/2025\/10\/2d5ea35bf486faff6ff30011762ec3f8ab0fff59bc944c657efec361c09fe556-300x300.png 300w, https:\/\/securelaw.pl\/wp-content\/uploads\/2025\/10\/2d5ea35bf486faff6ff30011762ec3f8ab0fff59bc944c657efec361c09fe556-150x150.png 150w\" sizes=\"auto, (max-width: 512px) 100vw, 512px\" \/><\/figure>\n\n\n\n<h3 class=\"wp-block-heading has-text-align-left\" style=\"margin-top:16px\">Ochrona danych i <strong>RODO<\/strong><\/h3>\n\n\n\n<p class=\"has-text-align-left\">Szyfrowanie, kontrola dost\u0119pu, dokumentacja RODO<\/p>\n<\/div>\n\n\n\n<div class=\"wp-block-column is-vertically-aligned-top is-layout-flow wp-container-core-column-is-layout-6b73ce23 wp-block-column-is-layout-flow\">\n<figure class=\"wp-block-image size-full is-resized has-custom-border is-style-rounded\"><img loading=\"lazy\" decoding=\"async\" width=\"512\" height=\"512\" src=\"http:\/\/serwer2587359.home.pl\/autoinstalator\/wordpress\/wp-content\/uploads\/2025\/10\/92e7e0a582cfc81a8166251f376fa632faf8bb7019c544e42fdec11e27657a3c.png\" alt=\"\" class=\"wp-image-88\" style=\"border-width:1px;width:58px;height:auto\" srcset=\"https:\/\/securelaw.pl\/wp-content\/uploads\/2025\/10\/92e7e0a582cfc81a8166251f376fa632faf8bb7019c544e42fdec11e27657a3c.png 512w, https:\/\/securelaw.pl\/wp-content\/uploads\/2025\/10\/92e7e0a582cfc81a8166251f376fa632faf8bb7019c544e42fdec11e27657a3c-300x300.png 300w, https:\/\/securelaw.pl\/wp-content\/uploads\/2025\/10\/92e7e0a582cfc81a8166251f376fa632faf8bb7019c544e42fdec11e27657a3c-150x150.png 150w\" sizes=\"auto, (max-width: 512px) 100vw, 512px\" \/><\/figure>\n\n\n\n<h3 class=\"wp-block-heading has-text-align-left\" style=\"margin-top:16px\">Administracja IT + helpdesk<\/h3>\n\n\n\n<p class=\"has-text-align-left\">Uporz\u0105dkowane systemy, backup, bezpiecze\u0144stwo pracy<\/p>\n<\/div>\n\n\n\n<div class=\"wp-block-column is-vertically-aligned-top is-layout-flow wp-container-core-column-is-layout-6b73ce23 wp-block-column-is-layout-flow\">\n<figure class=\"wp-block-image size-full is-resized has-custom-border is-style-rounded\"><img loading=\"lazy\" decoding=\"async\" width=\"512\" height=\"512\" src=\"http:\/\/serwer2587359.home.pl\/autoinstalator\/wordpress\/wp-content\/uploads\/2025\/10\/e9f9d508efacd323696154ebdd02ac47b7db2596168232dec9ded543210b43e9.png\" alt=\"\" class=\"has-border-color has-ast-global-color-8-border-color wp-image-89\" style=\"border-width:1px;width:55px;height:auto\" srcset=\"https:\/\/securelaw.pl\/wp-content\/uploads\/2025\/10\/e9f9d508efacd323696154ebdd02ac47b7db2596168232dec9ded543210b43e9.png 512w, https:\/\/securelaw.pl\/wp-content\/uploads\/2025\/10\/e9f9d508efacd323696154ebdd02ac47b7db2596168232dec9ded543210b43e9-300x300.png 300w, https:\/\/securelaw.pl\/wp-content\/uploads\/2025\/10\/e9f9d508efacd323696154ebdd02ac47b7db2596168232dec9ded543210b43e9-150x150.png 150w\" sizes=\"auto, (max-width: 512px) 100vw, 512px\" \/><\/figure>\n\n\n\n<h3 class=\"wp-block-heading has-text-align-left\" style=\"margin-top:16px\">Cybersecurity dla kancelarii<\/h3>\n\n\n\n<p class=\"has-text-align-left\">Ochrona przed phishingiem i cyberatakami<\/p>\n<\/div>\n<\/div>\n<\/div>\n\n\n\n<div class=\"wp-block-group alignfull #cennik is-layout-constrained wp-container-core-group-is-layout-45b0ac4f wp-block-group-is-layout-constrained\" id=\"uslugi\" style=\"padding-top:144px;padding-bottom:0px\">\n<h2 class=\"wp-block-heading has-text-align-center\"><strong>Nasze us\u0142ugi<\/strong><\/h2>\n\n\n\n<div class=\"wp-block-columns is-layout-flex wp-container-core-columns-is-layout-60cbf9bb wp-block-columns-is-layout-flex\" style=\"margin-top:50px\">\n<div class=\"wp-block-column is-layout-flow wp-container-core-column-is-layout-6b73ce23 wp-block-column-is-layout-flow\">\n<figure class=\"wp-block-image size-full\"><img loading=\"lazy\" decoding=\"async\" width=\"1024\" height=\"1024\" src=\"http:\/\/serwer2587359.home.pl\/autoinstalator\/wordpress\/wp-content\/uploads\/2025\/10\/Image-8.png\" alt=\"\" class=\"wp-image-109\" srcset=\"https:\/\/securelaw.pl\/wp-content\/uploads\/2025\/10\/Image-8.png 1024w, https:\/\/securelaw.pl\/wp-content\/uploads\/2025\/10\/Image-8-300x300.png 300w, https:\/\/securelaw.pl\/wp-content\/uploads\/2025\/10\/Image-8-150x150.png 150w, https:\/\/securelaw.pl\/wp-content\/uploads\/2025\/10\/Image-8-768x768.png 768w\" sizes=\"auto, (max-width: 1024px) 100vw, 1024px\" \/><\/figure>\n\n\n\n<h3 class=\"wp-block-heading\" style=\"margin-top:16px\">Start <\/h3>\n\n\n\n<p><strong>Zawiera:<\/strong><\/p>\n\n\n\n<ul class=\"wp-block-list\">\n<li>Plan naprawczy 30\/60 dni<\/li>\n\n\n\n<li>Audyt infrastruktury IT i Microsoft 365<\/li>\n\n\n\n<li>Weryfikacja odporno\u015bci na ataki (phishing, has\u0142a, dost\u0119p)<\/li>\n\n\n\n<li>Sprawdzenie kopii zapasowych i szyfrowania<\/li>\n\n\n\n<li>Weryfikacja zgodno\u015bci z RODO (technicznie)<\/li>\n\n\n\n<li>Analiza ryzyk + rekomendacje + raport PDF<\/li>\n\n\n\n<li>Bie\u017c\u0105cy helpdesk + wsparcie<\/li>\n<\/ul>\n<\/div>\n\n\n\n<div class=\"wp-block-column is-layout-flow wp-container-core-column-is-layout-6b73ce23 wp-block-column-is-layout-flow\">\n<figure class=\"wp-block-image size-full\"><img loading=\"lazy\" decoding=\"async\" width=\"1024\" height=\"1024\" src=\"http:\/\/serwer2587359.home.pl\/autoinstalator\/wordpress\/wp-content\/uploads\/2025\/10\/54cb3884f74ae4b86ea794783cc9c03d2837b5f70876622108691554ffd46626.png\" alt=\"\" class=\"wp-image-101\" srcset=\"https:\/\/securelaw.pl\/wp-content\/uploads\/2025\/10\/54cb3884f74ae4b86ea794783cc9c03d2837b5f70876622108691554ffd46626.png 1024w, https:\/\/securelaw.pl\/wp-content\/uploads\/2025\/10\/54cb3884f74ae4b86ea794783cc9c03d2837b5f70876622108691554ffd46626-300x300.png 300w, https:\/\/securelaw.pl\/wp-content\/uploads\/2025\/10\/54cb3884f74ae4b86ea794783cc9c03d2837b5f70876622108691554ffd46626-150x150.png 150w, https:\/\/securelaw.pl\/wp-content\/uploads\/2025\/10\/54cb3884f74ae4b86ea794783cc9c03d2837b5f70876622108691554ffd46626-768x768.png 768w\" sizes=\"auto, (max-width: 1024px) 100vw, 1024px\" \/><\/figure>\n\n\n\n<h3 class=\"wp-block-heading\" id=\"cennik\" style=\"margin-top:16px\">Secure<\/h3>\n\n\n\n<p><strong>Zawiera:<\/strong><\/p>\n\n\n\n<ul class=\"wp-block-list\">\n<li>Wszystko z <strong>START + wdro\u017cenie poprawek<\/strong><\/li>\n\n\n\n<li>Szkolenie pracownik\u00f3w (phishing + cyber higiena)<\/li>\n\n\n\n<li>MFA na wszystkich kontach + polityki hase\u0142<\/li>\n\n\n\n<li>Backup danych (PC\/Office 365)<\/li>\n\n\n\n<li>Ochrona poczty (anty-phishing + filtry)<\/li>\n\n\n\n<li>Porz\u0105dek w dost\u0119pie do danych (uprawnienia)<\/li>\n\n\n\n<li>Procedury bezpiecze\u0144stwa + polityki IT<\/li>\n<\/ul>\n<\/div>\n\n\n\n<div class=\"wp-block-column is-layout-flow wp-container-core-column-is-layout-6b73ce23 wp-block-column-is-layout-flow\">\n<figure class=\"wp-block-image size-full\"><img loading=\"lazy\" decoding=\"async\" width=\"1024\" height=\"1024\" src=\"http:\/\/serwer2587359.home.pl\/autoinstalator\/wordpress\/wp-content\/uploads\/2025\/10\/8d8721d30e831059653ffccb741b9e7e4dc0530157c40f0a3dec9d46943ae540.png\" alt=\"\" class=\"wp-image-103\" srcset=\"https:\/\/securelaw.pl\/wp-content\/uploads\/2025\/10\/8d8721d30e831059653ffccb741b9e7e4dc0530157c40f0a3dec9d46943ae540.png 1024w, https:\/\/securelaw.pl\/wp-content\/uploads\/2025\/10\/8d8721d30e831059653ffccb741b9e7e4dc0530157c40f0a3dec9d46943ae540-300x300.png 300w, https:\/\/securelaw.pl\/wp-content\/uploads\/2025\/10\/8d8721d30e831059653ffccb741b9e7e4dc0530157c40f0a3dec9d46943ae540-150x150.png 150w, https:\/\/securelaw.pl\/wp-content\/uploads\/2025\/10\/8d8721d30e831059653ffccb741b9e7e4dc0530157c40f0a3dec9d46943ae540-768x768.png 768w\" sizes=\"auto, (max-width: 1024px) 100vw, 1024px\" \/><\/figure>\n\n\n\n<h3 class=\"wp-block-heading\" style=\"margin-top:16px\">Personal Project<\/h3>\n\n\n\n<p><strong>Zawiera:<\/strong><\/p>\n\n\n\n<p>Pakiet <strong>PERSONAL<\/strong> to elastyczny model wsp\u00f3\u0142pracy dla kancelarii, kt\u00f3re potrzebuj\u0105 rozwi\u0105za\u0144 szytych na miar\u0119 \u2013 bez ogranicze\u0144 gotowych pakiet\u00f3w. Ten wariant jest przeznaczony dla firm, kt\u00f3re dzia\u0142aj\u0105 na danych wra\u017cliwych, obs\u0142uguj\u0105 wi\u0119kszych klient\u00f3w lub chc\u0105 podnie\u015b\u0107 poziom bezpiecze\u0144stwa i efektywno\u015bci wed\u0142ug indywidualnych wymaga\u0144.<\/p>\n<\/div>\n<\/div>\n<\/div>\n\n\n\n<div id=\"onas\" class=\"wp-block-group is-content-justification-left is-layout-constrained wp-container-core-group-is-layout-5a53e7e5 wp-block-group-is-layout-constrained\" style=\"padding-top:144px;padding-bottom:144px\">\n<h2 class=\"wp-block-heading\"><strong><em><mark style=\"background-color:rgba(0, 0, 0, 0);color:#2563eb\" class=\"has-inline-color\">10000+<\/mark><\/em> <\/strong>rozwi\u0105zanych problem\u00f3w od 2022.<\/h2>\n\n\n\n<div class=\"wp-block-columns is-layout-flex wp-container-core-columns-is-layout-29aadeec wp-block-columns-is-layout-flex\" style=\"margin-top:60px\">\n<div class=\"wp-block-column is-layout-flow wp-container-core-column-is-layout-6b73ce23 wp-block-column-is-layout-flow\">\n<figure class=\"wp-block-image size-full is-resized is-style-rounded\"><img loading=\"lazy\" decoding=\"async\" width=\"512\" height=\"512\" src=\"http:\/\/serwer2587359.home.pl\/autoinstalator\/wordpress\/wp-content\/uploads\/2025\/10\/Image-13.png\" alt=\"\" class=\"wp-image-156\" style=\"width:71px;height:auto\" srcset=\"https:\/\/securelaw.pl\/wp-content\/uploads\/2025\/10\/Image-13.png 512w, https:\/\/securelaw.pl\/wp-content\/uploads\/2025\/10\/Image-13-300x300.png 300w, https:\/\/securelaw.pl\/wp-content\/uploads\/2025\/10\/Image-13-150x150.png 150w\" sizes=\"auto, (max-width: 512px) 100vw, 512px\" \/><\/figure>\n\n\n\n<h3 class=\"wp-block-heading\" style=\"margin-top:16px\"><strong>\ud83d\udd12 <strong>Bezpiecze\u0144stwo danych klient\u00f3w<\/strong><\/strong><\/h3>\n\n\n\n<p>Zapewniamy ochron\u0119 dokument\u00f3w, skrzynek e-mail i system\u00f3w pracy zespo\u0142u. Poufno\u015b\u0107 i prywatno\u015b\u0107 \u2013 bez kompromis\u00f3w.<\/p>\n<\/div>\n\n\n\n<div class=\"wp-block-column is-layout-flow wp-container-core-column-is-layout-6b73ce23 wp-block-column-is-layout-flow\">\n<figure class=\"wp-block-image size-full is-resized is-style-rounded\"><img loading=\"lazy\" decoding=\"async\" width=\"512\" height=\"512\" src=\"http:\/\/serwer2587359.home.pl\/autoinstalator\/wordpress\/wp-content\/uploads\/2025\/10\/Image-12.png\" alt=\"\" class=\"wp-image-155\" style=\"width:70px;height:auto\" srcset=\"https:\/\/securelaw.pl\/wp-content\/uploads\/2025\/10\/Image-12.png 512w, https:\/\/securelaw.pl\/wp-content\/uploads\/2025\/10\/Image-12-300x300.png 300w, https:\/\/securelaw.pl\/wp-content\/uploads\/2025\/10\/Image-12-150x150.png 150w\" sizes=\"auto, (max-width: 512px) 100vw, 512px\" \/><\/figure>\n\n\n\n<h3 class=\"wp-block-heading\" style=\"margin-top:16px\">\u2699\ufe0f <strong>Uporz\u0105dkowana infrastruktura IT<\/strong><\/h3>\n\n\n\n<p>Ko\u0144czymy chaos. Kontrola dost\u0119pu, kopie zapasowe, polityki bezpiecze\u0144stwa i zgodno\u015b\u0107 z RODO \u2013 jasno i przejrzy\u015bcie.<\/p>\n<\/div>\n\n\n\n<div class=\"wp-block-column is-layout-flow wp-container-core-column-is-layout-6b73ce23 wp-block-column-is-layout-flow\">\n<figure class=\"wp-block-image size-full is-resized is-style-rounded\"><img loading=\"lazy\" decoding=\"async\" width=\"512\" height=\"512\" src=\"http:\/\/serwer2587359.home.pl\/autoinstalator\/wordpress\/wp-content\/uploads\/2025\/10\/Image-11.png\" alt=\"\" class=\"wp-image-154\" style=\"width:72px;height:auto\" srcset=\"https:\/\/securelaw.pl\/wp-content\/uploads\/2025\/10\/Image-11.png 512w, https:\/\/securelaw.pl\/wp-content\/uploads\/2025\/10\/Image-11-300x300.png 300w, https:\/\/securelaw.pl\/wp-content\/uploads\/2025\/10\/Image-11-150x150.png 150w\" sizes=\"auto, (max-width: 512px) 100vw, 512px\" \/><\/figure>\n\n\n\n<h3 class=\"wp-block-heading\" style=\"margin-top:16px\">\ud83d\udee1\ufe0f <strong>Sta\u0142a opieka i odpowiedzialno\u015b\u0107<\/strong><\/h3>\n\n\n\n<p>Przejrzyste zasady wsp\u00f3\u0142pracy, SLA, NDA i pe\u0142na odpowiedzialno\u015b\u0107 formalna i techniczna.<\/p>\n<\/div>\n<\/div>\n<\/div>\n\n\n\n<div class=\"wp-block-group alignfull has-ast-global-color-5-background-color has-background is-layout-constrained wp-container-core-group-is-layout-94d206d0 wp-block-group-is-layout-constrained\" id=\"about\" style=\"padding-top:143px;padding-bottom:144px\">\n<p><\/p>\n\n\n\n<p><\/p>\n<\/div>\n\n\n\n<p><\/p>\n","protected":false},"excerpt":{"rendered":"<p>Audyt bezpiecze\u0144stwa IT Analiza ryzyk, kontrola zabezpiecze\u0144 i plan dzia\u0142a\u0144 naprawczych Ochrona danych i RODO Szyfrowanie, kontrola dost\u0119pu, dokumentacja RODO [&hellip;]<\/p>\n","protected":false},"author":1,"featured_media":0,"parent":0,"menu_order":0,"comment_status":"open","ping_status":"closed","template":"","meta":{"site-sidebar-layout":"no-sidebar","site-content-layout":"plain-container","ast-site-content-layout":"default","site-content-style":"default","site-sidebar-style":"default","ast-global-header-display":"","ast-banner-title-visibility":"","ast-main-header-display":"","ast-hfb-above-header-display":"","ast-hfb-below-header-display":"","ast-hfb-mobile-header-display":"","site-post-title":"disabled","ast-breadcrumbs-content":"","ast-featured-img":"","footer-sml-layout":"","theme-transparent-header-meta":"enabled","adv-header-id-meta":"","stick-header-meta":"","header-above-stick-meta":"","header-main-stick-meta":"","header-below-stick-meta":"","astra-migrate-meta-layouts":"default","ast-page-background-enabled":"default","ast-page-background-meta":{"desktop":{"background-color":"var(--ast-global-color-5)","background-image":"","background-repeat":"repeat","background-position":"center center","background-size":"auto","background-attachment":"scroll","background-type":"","background-media":"","overlay-type":"","overlay-color":"","overlay-opacity":"","overlay-gradient":""},"tablet":{"background-color":"","background-image":"","background-repeat":"repeat","background-position":"center center","background-size":"auto","background-attachment":"scroll","background-type":"","background-media":"","overlay-type":"","overlay-color":"","overlay-opacity":"","overlay-gradient":""},"mobile":{"background-color":"","background-image":"","background-repeat":"repeat","background-position":"center center","background-size":"auto","background-attachment":"scroll","background-type":"","background-media":"","overlay-type":"","overlay-color":"","overlay-opacity":"","overlay-gradient":""}},"ast-content-background-meta":{"desktop":{"background-color":"var(--ast-global-color-4)","background-image":"","background-repeat":"repeat","background-position":"center center","background-size":"auto","background-attachment":"scroll","background-type":"","background-media":"","overlay-type":"","overlay-color":"","overlay-opacity":"","overlay-gradient":""},"tablet":{"background-color":"var(--ast-global-color-4)","background-image":"","background-repeat":"repeat","background-position":"center center","background-size":"auto","background-attachment":"scroll","background-type":"","background-media":"","overlay-type":"","overlay-color":"","overlay-opacity":"","overlay-gradient":""},"mobile":{"background-color":"var(--ast-global-color-4)","background-image":"","background-repeat":"repeat","background-position":"center center","background-size":"auto","background-attachment":"scroll","background-type":"","background-media":"","overlay-type":"","overlay-color":"","overlay-opacity":"","overlay-gradient":""}},"footnotes":""},"class_list":["post-9","page","type-page","status-publish","hentry"],"_links":{"self":[{"href":"https:\/\/securelaw.pl\/index.php\/wp-json\/wp\/v2\/pages\/9","targetHints":{"allow":["GET"]}}],"collection":[{"href":"https:\/\/securelaw.pl\/index.php\/wp-json\/wp\/v2\/pages"}],"about":[{"href":"https:\/\/securelaw.pl\/index.php\/wp-json\/wp\/v2\/types\/page"}],"author":[{"embeddable":true,"href":"https:\/\/securelaw.pl\/index.php\/wp-json\/wp\/v2\/users\/1"}],"replies":[{"embeddable":true,"href":"https:\/\/securelaw.pl\/index.php\/wp-json\/wp\/v2\/comments?post=9"}],"version-history":[{"count":96,"href":"https:\/\/securelaw.pl\/index.php\/wp-json\/wp\/v2\/pages\/9\/revisions"}],"predecessor-version":[{"id":182,"href":"https:\/\/securelaw.pl\/index.php\/wp-json\/wp\/v2\/pages\/9\/revisions\/182"}],"wp:attachment":[{"href":"https:\/\/securelaw.pl\/index.php\/wp-json\/wp\/v2\/media?parent=9"}],"curies":[{"name":"wp","href":"https:\/\/api.w.org\/{rel}","templated":true}]}}